{"id":93,"date":"2018-11-02T08:55:12","date_gmt":"2018-11-02T07:55:12","guid":{"rendered":"http:\/\/localhost\/wordpress\/membership-login\/"},"modified":"2022-02-13T10:44:17","modified_gmt":"2022-02-13T09:44:17","slug":"membership-login","status":"publish","type":"page","link":"https:\/\/www.adel-in.de\/wordpress\/membership-login\/","title":{"rendered":"Login Mitglieder"},"content":{"rendered":"\r\n<figure class=\"wp-block-image\"><a href=\"https:\/\/www.adel-in.de\/wordpress\/wp-content\/uploads\/2022\/02\/Marienburg-1.jpg\"><img loading=\"lazy\" decoding=\"async\" class=\"aligncenter wp-image-1504 size-full\" src=\"https:\/\/www.adel-in.de\/wordpress\/wp-content\/uploads\/2022\/02\/Marienburg-1.jpg\" alt=\"\" width=\"1615\" height=\"1023\" srcset=\"https:\/\/www.adel-in.de\/wordpress\/wp-content\/uploads\/2022\/02\/Marienburg-1.jpg 1615w, https:\/\/www.adel-in.de\/wordpress\/wp-content\/uploads\/2022\/02\/Marienburg-1-300x190.jpg 300w, https:\/\/www.adel-in.de\/wordpress\/wp-content\/uploads\/2022\/02\/Marienburg-1-768x486.jpg 768w, https:\/\/www.adel-in.de\/wordpress\/wp-content\/uploads\/2022\/02\/Marienburg-1-1536x973.jpg 1536w\" sizes=\"(max-width: 767px) 89vw, (max-width: 1000px) 54vw, (max-width: 1071px) 543px, 580px\" \/><\/a>\r\n<figcaption>Schloss Marienburg (Postkarte von 1904)<\/figcaption>\r\n<\/figure>\r\n\r\n\r\n\r\n<p>Guten Tag und willkommen im Mitgliederbereich unserer Homepage.<\/p>\r\n\r\n\r\n\r\n<p>Wie der Name schon sagt, sind die Seiten in diesem Bereich nur f\u00fcr die Mitglieder der Vereinigung des Adels in Niedersachsen e.V. bestimmt, da sie vertrauliche Inhalte enthalten.<\/p>\r\n\r\n\r\n\r\n<p style=\"padding-left: 40px;\">Unseren Mitgliedern senden wir die Zugangsdaten nat\u00fcrlich gerne zu. Bitte senden Sie mir dazu eine kurze Mail an <br>info@adel-in.de<\/p>\r\n\r\n\r\n\r\n<p>Zuk\u00fcnftig werden wir unsere Mitteilungen, Einladungen usw. vorzugsweise per E-Mail versenden. Bitte nehmen Sie unseren Absender&nbsp; info@adel-in.de in Ihr Adressbuch auf, damit wir nicht am SPAM-Filter scheitern.<\/p>\r\n\r\n\r\n\r\n<p>Ihre Privatsph\u00e4re bleibt gesch\u00fctzt, da wir nur per BCC (Blindkopie) versenden und die Empf\u00e4nger nicht lesbar sind.<\/p>\r\n\r\n\r\n\r\n<p>Mit freundlichen Gr\u00fcssen <br>f\u00fcr den Vorstand<br>Johannes v. Wallhoffen<\/p>\r\n\r\n<div class=\"swpm-login-widget-form\">\n    <form id=\"swpm-login-form\" name=\"swpm-login-form\" method=\"post\" action=\"\">\n        <div class=\"swpm-login-form-inner\">\n            <div class=\"swpm-username-label\">\n                <label for=\"swpm_user_name\" class=\"swpm-label\">Benutzername oder E-Mail-Adresse<\/label>\n            <\/div>\n            <div class=\"swpm-username-input\">\n                <input type=\"text\" class=\"swpm-text-field swpm-username-field\" id=\"swpm_user_name\" value=\"\" size=\"25\" name=\"swpm_user_name\" \/>\n            <\/div>\n            <div class=\"swpm-password-label\">\n                <label for=\"swpm_password\" class=\"swpm-label\">Passwort<\/label>\n            <\/div>\n            <div class=\"swpm-password-input\">                \n                <input type=\"password\" class=\"swpm-text-field swpm-password-field\" id=\"swpm_password\" value=\"\" size=\"25\" name=\"swpm_password\" \/>                \n            <\/div>\n                            <div class=\"swpm-password-input-visibility\">                                        \n                    <span class=\"swpm-password-toggle-checkbox\"><input type=\"checkbox\" name=\"swpm-password-toggle-checkbox\" id=\"swpm-password-toggle-checkbox\" data-state=\"password-hidden\" > <\/span>\n                    <label for=\"swpm-password-toggle-checkbox\" class=\"swpm-password-toggle-checkbox-label\">\n                        <span class=\"swpm-password-toggle-label\"> Passwort anzeigen<\/span>\n                    <\/label>\n                <\/div>\n                        <div class=\"swpm-remember-me\">\n                <span class=\"swpm-remember-checkbox\"><input type=\"checkbox\" name=\"rememberme\" id=\"swpm-rememberme\"><\/span>\n                <label for=\"swpm-rememberme\" class=\"swpm-rememberme-label\">\n                    <span class=\"swpm-rember-label\"> Angemeldet bleiben<\/span>\n                <\/label>\n            <\/div>\n\n            <div class=\"swpm-before-login-submit-section\"><\/div>\n\n            <div class=\"swpm-login-submit\">\n                <input type=\"submit\" class=\"swpm-login-form-submit\" name=\"swpm-login\" value=\"anmelden\"\/>\n            <\/div>\n            <div class=\"swpm-forgot-pass-link\">\n                <a id=\"forgot_pass\" class=\"swpm-login-form-pw-reset-link\"  href=\"http:\/\/fato15.lima-city.de\/wordpress\/membership-login\/\">Haben Sie Ihr Passwort vergessen?<\/a>\n            <\/div>\n            <div class=\"swpm-join-us-link\">\n                <a id=\"register\" class=\"swpm-login-form-register-link\" href=\"http:\/\/fato15.lima-city.de\/wordpress\/membership-join\/\">Werden Sie Mitglied bei uns<\/a>\n            <\/div>\n            <div class=\"swpm-login-action-msg\">\n                <span class=\"swpm-login-widget-action-msg\"><\/span>\n            <\/div>\n        <\/div>\n    <\/form>\n<\/div>\n","protected":false},"excerpt":{"rendered":"<p>Guten Tag und willkommen im Mitgliederbereich unserer Homepage. Wie der Name schon sagt, sind die Seiten in diesem Bereich nur f\u00fcr die Mitglieder der Vereinigung des Adels in Niedersachsen e.V. bestimmt, da sie vertrauliche Inhalte enthalten. Unseren Mitgliedern senden wir die Zugangsdaten nat\u00fcrlich gerne zu. Bitte senden Sie mir dazu eine kurze Mail an info@adel-in.de &hellip; <\/p>\n<p class=\"link-more\"><a href=\"https:\/\/www.adel-in.de\/wordpress\/membership-login\/\" class=\"more-link\"><span class=\"screen-reader-text\">\u201eLogin Mitglieder\u201c<\/span> weiterlesen<\/a><\/p>\n","protected":false},"author":1,"featured_media":0,"parent":0,"menu_order":0,"comment_status":"closed","ping_status":"closed","template":"","meta":{"ngg_post_thumbnail":0,"footnotes":""},"class_list":["post-93","page","type-page","status-publish","hentry"],"_links":{"self":[{"href":"https:\/\/www.adel-in.de\/wordpress\/wp-json\/wp\/v2\/pages\/93"}],"collection":[{"href":"https:\/\/www.adel-in.de\/wordpress\/wp-json\/wp\/v2\/pages"}],"about":[{"href":"https:\/\/www.adel-in.de\/wordpress\/wp-json\/wp\/v2\/types\/page"}],"author":[{"embeddable":true,"href":"https:\/\/www.adel-in.de\/wordpress\/wp-json\/wp\/v2\/users\/1"}],"replies":[{"embeddable":true,"href":"https:\/\/www.adel-in.de\/wordpress\/wp-json\/wp\/v2\/comments?post=93"}],"version-history":[{"count":15,"href":"https:\/\/www.adel-in.de\/wordpress\/wp-json\/wp\/v2\/pages\/93\/revisions"}],"predecessor-version":[{"id":1506,"href":"https:\/\/www.adel-in.de\/wordpress\/wp-json\/wp\/v2\/pages\/93\/revisions\/1506"}],"wp:attachment":[{"href":"https:\/\/www.adel-in.de\/wordpress\/wp-json\/wp\/v2\/media?parent=93"}],"curies":[{"name":"wp","href":"https:\/\/api.w.org\/{rel}","templated":true}]}}